{"id":60,"date":"2023-02-20T23:46:05","date_gmt":"2023-02-20T22:46:05","guid":{"rendered":"https:\/\/wirfast.se\/?page_id=60"},"modified":"2025-08-28T16:31:35","modified_gmt":"2025-08-28T14:31:35","slug":"sok-lagenhet","status":"publish","type":"page","link":"https:\/\/wirfast.se\/?page_id=60","title":{"rendered":"Hitta din n\u00e4sta bostad hos oss"},"content":{"rendered":"\n<p>Vi har ett varierande utbud&nbsp;av l\u00e4genheter, v\u00e4lkommen att h\u00f6ra av dig till oss f\u00f6r mer information om lediga objekt.<\/p>\n\n\n\n<p><strong>V\u00e5ra&nbsp;l\u00e4genheter finns i dessa omr\u00e5den:<\/strong><\/p>\n\n\n\n<ul class=\"wp-block-list\">\n<li>Centrum (Norra Torget, Kungsgatan och Spelmansgatan)<\/li>\n\n\n\n<li>Djurg\u00e5rden (Kungsg\u00e5rdsv\u00e4gen)<\/li>\n\n\n\n<li>Villastaden (R\u00e5dmansgatan)<\/li>\n\n\n\n<li>Sandfallet (Musseronv\u00e4gen)<\/li>\n<\/ul>\n\n\n\n<p><strong>Vem kan s\u00f6ka boende?<\/strong><\/p>\n\n\n\n<p><em>F\u00f6r att f\u00e5 anm\u00e4la sig som bostadss\u00f6kande hos Wir\u00e9ns Fastigheter ska du;<\/em><\/p>\n\n\n\n<ul class=\"wp-block-list\">\n<li>ha fyllt 18 \u00e5r<\/li>\n\n\n\n<li>vara utan betalningsanm\u00e4rkningar<\/li>\n\n\n\n<li>inte ha n\u00e5gon hyresskuld eller obetalda fakturor hos annan hyresv\u00e4rd<\/li>\n\n\n\n<li>kunna betala hyran med din inkomst<\/li>\n<\/ul>\n\n\n\n<p><em>Du ska \u00e4ven haft inkomst i minst sex m\u00e5nader f\u00f6re inflyttningsdagen fr\u00e5n;<\/em><\/p>\n\n\n\n<ul class=\"wp-block-list\">\n<li>arbete<\/li>\n\n\n\n<li>\u00e5lderspension<\/li>\n\n\n\n<li>a-kassa eller motsvarande<\/li>\n\n\n\n<li>statliga studiemedel<\/li>\n<\/ul>\n\n\n\n<p><em><strong>Observera att en kreditupplysning tas p\u00e5 samtliga bostadss\u00f6kande.<\/strong> <\/em>Vi tar \u00e4ven referenser fr\u00e5n tidigare hyresv\u00e4rd d\u00e4r det \u00e4r m\u00f6jligt.<\/p>\n\n\n\n<p><br><\/p>\n","protected":false},"excerpt":{"rendered":"<p>Vi har ett varierande utbud&nbsp;av l\u00e4genheter, v\u00e4lkommen att h\u00f6ra av dig till oss f\u00f6r mer information om lediga objekt. V\u00e5ra&nbsp;l\u00e4genheter finns i dessa omr\u00e5den: Vem kan s\u00f6ka boende? F\u00f6r att f\u00e5 anm\u00e4la sig som bostadss\u00f6kande hos Wir\u00e9ns Fastigheter ska du; Du ska \u00e4ven haft inkomst i minst sex m\u00e5nader f\u00f6re inflyttningsdagen fr\u00e5n; Observera att en &hellip; <\/p>\n<p class=\"link-more\"><a href=\"https:\/\/wirfast.se\/?page_id=60\" class=\"more-link\">L\u00e4s mer<span class=\"screen-reader-text\"> \u201dHitta din n\u00e4sta bostad hos oss\u201d<\/span><\/a><\/p>\n","protected":false},"author":1,"featured_media":77,"parent":0,"menu_order":0,"comment_status":"closed","ping_status":"closed","template":"","meta":{"footnotes":""},"class_list":["post-60","page","type-page","status-publish","has-post-thumbnail","hentry"],"yoast_head":"<!-- This site is optimized with the Yoast SEO plugin v27.4 - https:\/\/yoast.com\/product\/yoast-seo-wordpress\/ -->\n<title>Hitta din n\u00e4sta bostad hos oss - Wir\u00e9ns Fastigheter<\/title>\n<meta name=\"robots\" content=\"index, follow, max-snippet:-1, max-image-preview:large, max-video-preview:-1\" \/>\n<link rel=\"canonical\" href=\"https:\/\/wirfast.se\/?page_id=60\" \/>\n<meta property=\"og:locale\" content=\"sv_SE\" \/>\n<meta property=\"og:type\" content=\"article\" \/>\n<meta property=\"og:title\" content=\"Hitta din n\u00e4sta bostad hos oss - Wir\u00e9ns Fastigheter\" \/>\n<meta property=\"og:description\" content=\"Vi har ett varierande utbud&nbsp;av l\u00e4genheter, v\u00e4lkommen att h\u00f6ra av dig till oss f\u00f6r mer information om lediga objekt. V\u00e5ra&nbsp;l\u00e4genheter finns i dessa omr\u00e5den: Vem kan s\u00f6ka boende? F\u00f6r att f\u00e5 anm\u00e4la sig som bostadss\u00f6kande hos Wir\u00e9ns Fastigheter ska du; Du ska \u00e4ven haft inkomst i minst sex m\u00e5nader f\u00f6re inflyttningsdagen fr\u00e5n; Observera att en &hellip; L\u00e4s mer \u201dHitta din n\u00e4sta bostad hos oss\u201d\" \/>\n<meta property=\"og:url\" content=\"https:\/\/wirfast.se\/?page_id=60\" \/>\n<meta property=\"og:site_name\" content=\"Wir\u00e9ns Fastigheter\" \/>\n<meta property=\"article:publisher\" content=\"https:\/\/www.facebook.com\/wirfast\" \/>\n<meta property=\"article:modified_time\" content=\"2025-08-28T14:31:35+00:00\" \/>\n<meta property=\"og:image\" content=\"https:\/\/wirfast.se\/wp-content\/uploads\/2023\/02\/DSC_0090-scaled.jpg\" \/>\n\t<meta property=\"og:image:width\" content=\"2560\" \/>\n\t<meta property=\"og:image:height\" content=\"1714\" \/>\n\t<meta property=\"og:image:type\" content=\"image\/jpeg\" \/>\n<meta name=\"twitter:card\" content=\"summary_large_image\" \/>\n<meta name=\"twitter:label1\" content=\"Ber\u00e4knad l\u00e4stid\" \/>\n\t<meta name=\"twitter:data1\" content=\"1 minut\" \/>\n<script type=\"application\/ld+json\" class=\"yoast-schema-graph\">{\"@context\":\"https:\\\/\\\/schema.org\",\"@graph\":[{\"@type\":\"WebPage\",\"@id\":\"https:\\\/\\\/wirfast.se\\\/?page_id=60\",\"url\":\"https:\\\/\\\/wirfast.se\\\/?page_id=60\",\"name\":\"Hitta din n\u00e4sta bostad hos oss - Wir\u00e9ns Fastigheter\",\"isPartOf\":{\"@id\":\"https:\\\/\\\/wirfast.se\\\/#website\"},\"primaryImageOfPage\":{\"@id\":\"https:\\\/\\\/wirfast.se\\\/?page_id=60#primaryimage\"},\"image\":{\"@id\":\"https:\\\/\\\/wirfast.se\\\/?page_id=60#primaryimage\"},\"thumbnailUrl\":\"https:\\\/\\\/wirfast.se\\\/wp-content\\\/uploads\\\/2023\\\/02\\\/DSC_0090-scaled.jpg\",\"datePublished\":\"2023-02-20T22:46:05+00:00\",\"dateModified\":\"2025-08-28T14:31:35+00:00\",\"breadcrumb\":{\"@id\":\"https:\\\/\\\/wirfast.se\\\/?page_id=60#breadcrumb\"},\"inLanguage\":\"sv-SE\",\"potentialAction\":[{\"@type\":\"ReadAction\",\"target\":[\"https:\\\/\\\/wirfast.se\\\/?page_id=60\"]}]},{\"@type\":\"ImageObject\",\"inLanguage\":\"sv-SE\",\"@id\":\"https:\\\/\\\/wirfast.se\\\/?page_id=60#primaryimage\",\"url\":\"https:\\\/\\\/wirfast.se\\\/wp-content\\\/uploads\\\/2023\\\/02\\\/DSC_0090-scaled.jpg\",\"contentUrl\":\"https:\\\/\\\/wirfast.se\\\/wp-content\\\/uploads\\\/2023\\\/02\\\/DSC_0090-scaled.jpg\",\"width\":2560,\"height\":1714},{\"@type\":\"BreadcrumbList\",\"@id\":\"https:\\\/\\\/wirfast.se\\\/?page_id=60#breadcrumb\",\"itemListElement\":[{\"@type\":\"ListItem\",\"position\":1,\"name\":\"Hem\",\"item\":\"https:\\\/\\\/wirfast.se\\\/\"},{\"@type\":\"ListItem\",\"position\":2,\"name\":\"Hitta din n\u00e4sta bostad hos oss\"}]},{\"@type\":\"WebSite\",\"@id\":\"https:\\\/\\\/wirfast.se\\\/#website\",\"url\":\"https:\\\/\\\/wirfast.se\\\/\",\"name\":\"Wir\u00e9ns Fastigheter\",\"description\":\"Lokaler och bost\u00e4der med kvalitet\",\"publisher\":{\"@id\":\"https:\\\/\\\/wirfast.se\\\/#organization\"},\"potentialAction\":[{\"@type\":\"SearchAction\",\"target\":{\"@type\":\"EntryPoint\",\"urlTemplate\":\"https:\\\/\\\/wirfast.se\\\/?s={search_term_string}\"},\"query-input\":{\"@type\":\"PropertyValueSpecification\",\"valueRequired\":true,\"valueName\":\"search_term_string\"}}],\"inLanguage\":\"sv-SE\"},{\"@type\":\"Organization\",\"@id\":\"https:\\\/\\\/wirfast.se\\\/#organization\",\"name\":\"Wir\u00e9ns Fastigheter\",\"url\":\"https:\\\/\\\/wirfast.se\\\/\",\"logo\":{\"@type\":\"ImageObject\",\"inLanguage\":\"sv-SE\",\"@id\":\"https:\\\/\\\/wirfast.se\\\/#\\\/schema\\\/logo\\\/image\\\/\",\"url\":\"https:\\\/\\\/wirfast.se\\\/wp-content\\\/uploads\\\/2023\\\/02\\\/wirens_fastigheter_758x164.png\",\"contentUrl\":\"https:\\\/\\\/wirfast.se\\\/wp-content\\\/uploads\\\/2023\\\/02\\\/wirens_fastigheter_758x164.png\",\"width\":758,\"height\":164,\"caption\":\"Wir\u00e9ns Fastigheter\"},\"image\":{\"@id\":\"https:\\\/\\\/wirfast.se\\\/#\\\/schema\\\/logo\\\/image\\\/\"},\"sameAs\":[\"https:\\\/\\\/www.facebook.com\\\/wirfast\"]}]}<\/script>\n<!-- \/ Yoast SEO plugin. -->","yoast_head_json":{"title":"Hitta din n\u00e4sta bostad hos oss - Wir\u00e9ns Fastigheter","robots":{"index":"index","follow":"follow","max-snippet":"max-snippet:-1","max-image-preview":"max-image-preview:large","max-video-preview":"max-video-preview:-1"},"canonical":"https:\/\/wirfast.se\/?page_id=60","og_locale":"sv_SE","og_type":"article","og_title":"Hitta din n\u00e4sta bostad hos oss - Wir\u00e9ns Fastigheter","og_description":"Vi har ett varierande utbud&nbsp;av l\u00e4genheter, v\u00e4lkommen att h\u00f6ra av dig till oss f\u00f6r mer information om lediga objekt. V\u00e5ra&nbsp;l\u00e4genheter finns i dessa omr\u00e5den: Vem kan s\u00f6ka boende? F\u00f6r att f\u00e5 anm\u00e4la sig som bostadss\u00f6kande hos Wir\u00e9ns Fastigheter ska du; Du ska \u00e4ven haft inkomst i minst sex m\u00e5nader f\u00f6re inflyttningsdagen fr\u00e5n; Observera att en &hellip; L\u00e4s mer \u201dHitta din n\u00e4sta bostad hos oss\u201d","og_url":"https:\/\/wirfast.se\/?page_id=60","og_site_name":"Wir\u00e9ns Fastigheter","article_publisher":"https:\/\/www.facebook.com\/wirfast","article_modified_time":"2025-08-28T14:31:35+00:00","og_image":[{"width":2560,"height":1714,"url":"https:\/\/wirfast.se\/wp-content\/uploads\/2023\/02\/DSC_0090-scaled.jpg","type":"image\/jpeg"}],"twitter_card":"summary_large_image","twitter_misc":{"Ber\u00e4knad l\u00e4stid":"1 minut"},"schema":{"@context":"https:\/\/schema.org","@graph":[{"@type":"WebPage","@id":"https:\/\/wirfast.se\/?page_id=60","url":"https:\/\/wirfast.se\/?page_id=60","name":"Hitta din n\u00e4sta bostad hos oss - Wir\u00e9ns Fastigheter","isPartOf":{"@id":"https:\/\/wirfast.se\/#website"},"primaryImageOfPage":{"@id":"https:\/\/wirfast.se\/?page_id=60#primaryimage"},"image":{"@id":"https:\/\/wirfast.se\/?page_id=60#primaryimage"},"thumbnailUrl":"https:\/\/wirfast.se\/wp-content\/uploads\/2023\/02\/DSC_0090-scaled.jpg","datePublished":"2023-02-20T22:46:05+00:00","dateModified":"2025-08-28T14:31:35+00:00","breadcrumb":{"@id":"https:\/\/wirfast.se\/?page_id=60#breadcrumb"},"inLanguage":"sv-SE","potentialAction":[{"@type":"ReadAction","target":["https:\/\/wirfast.se\/?page_id=60"]}]},{"@type":"ImageObject","inLanguage":"sv-SE","@id":"https:\/\/wirfast.se\/?page_id=60#primaryimage","url":"https:\/\/wirfast.se\/wp-content\/uploads\/2023\/02\/DSC_0090-scaled.jpg","contentUrl":"https:\/\/wirfast.se\/wp-content\/uploads\/2023\/02\/DSC_0090-scaled.jpg","width":2560,"height":1714},{"@type":"BreadcrumbList","@id":"https:\/\/wirfast.se\/?page_id=60#breadcrumb","itemListElement":[{"@type":"ListItem","position":1,"name":"Hem","item":"https:\/\/wirfast.se\/"},{"@type":"ListItem","position":2,"name":"Hitta din n\u00e4sta bostad hos oss"}]},{"@type":"WebSite","@id":"https:\/\/wirfast.se\/#website","url":"https:\/\/wirfast.se\/","name":"Wir\u00e9ns Fastigheter","description":"Lokaler och bost\u00e4der med kvalitet","publisher":{"@id":"https:\/\/wirfast.se\/#organization"},"potentialAction":[{"@type":"SearchAction","target":{"@type":"EntryPoint","urlTemplate":"https:\/\/wirfast.se\/?s={search_term_string}"},"query-input":{"@type":"PropertyValueSpecification","valueRequired":true,"valueName":"search_term_string"}}],"inLanguage":"sv-SE"},{"@type":"Organization","@id":"https:\/\/wirfast.se\/#organization","name":"Wir\u00e9ns Fastigheter","url":"https:\/\/wirfast.se\/","logo":{"@type":"ImageObject","inLanguage":"sv-SE","@id":"https:\/\/wirfast.se\/#\/schema\/logo\/image\/","url":"https:\/\/wirfast.se\/wp-content\/uploads\/2023\/02\/wirens_fastigheter_758x164.png","contentUrl":"https:\/\/wirfast.se\/wp-content\/uploads\/2023\/02\/wirens_fastigheter_758x164.png","width":758,"height":164,"caption":"Wir\u00e9ns Fastigheter"},"image":{"@id":"https:\/\/wirfast.se\/#\/schema\/logo\/image\/"},"sameAs":["https:\/\/www.facebook.com\/wirfast"]}]}},"_links":{"self":[{"href":"https:\/\/wirfast.se\/index.php?rest_route=\/wp\/v2\/pages\/60","targetHints":{"allow":["GET"]}}],"collection":[{"href":"https:\/\/wirfast.se\/index.php?rest_route=\/wp\/v2\/pages"}],"about":[{"href":"https:\/\/wirfast.se\/index.php?rest_route=\/wp\/v2\/types\/page"}],"author":[{"embeddable":true,"href":"https:\/\/wirfast.se\/index.php?rest_route=\/wp\/v2\/users\/1"}],"replies":[{"embeddable":true,"href":"https:\/\/wirfast.se\/index.php?rest_route=%2Fwp%2Fv2%2Fcomments&post=60"}],"version-history":[{"count":8,"href":"https:\/\/wirfast.se\/index.php?rest_route=\/wp\/v2\/pages\/60\/revisions"}],"predecessor-version":[{"id":88,"href":"https:\/\/wirfast.se\/index.php?rest_route=\/wp\/v2\/pages\/60\/revisions\/88"}],"wp:featuredmedia":[{"embeddable":true,"href":"https:\/\/wirfast.se\/index.php?rest_route=\/wp\/v2\/media\/77"}],"wp:attachment":[{"href":"https:\/\/wirfast.se\/index.php?rest_route=%2Fwp%2Fv2%2Fmedia&parent=60"}],"curies":[{"name":"wp","href":"https:\/\/api.w.org\/{rel}","templated":true}]}}