{"id":13,"date":"2023-02-20T22:14:51","date_gmt":"2023-02-20T21:14:51","guid":{"rendered":"https:\/\/wirfast.se\/?page_id=13"},"modified":"2025-02-14T09:21:57","modified_gmt":"2025-02-14T08:21:57","slug":"kontakt","status":"publish","type":"page","link":"https:\/\/wirfast.se\/?page_id=13","title":{"rendered":"Kontakta oss"},"content":{"rendered":"\n<p>V\u00e4lkommen att h\u00f6ra av dig till oss med din f\u00f6rfr\u00e5gan oavsett om det g\u00e4ller bostad, kontor eller lokaler.<\/p>\n\n\n\n<p>Det enklaste s\u00e4ttet \u00e4r via e-post till info@wirfast.se s\u00e5 \u00e5terkommer vi s\u00e5 snart vi kan. Ni kan \u00e4ven n\u00e5 oss p\u00e5 telefon 0550-775100 under v\u00e5ra telefontider, vardagar kl.08-12.<\/p>\n\n\n\n<h2 class=\"wp-block-heading\">Akuta problem<\/h2>\n\n\n\n<p>\u00c4r du hyresg\u00e4st hos oss och har ett akut problem ringer du 0550-775100 och v\u00e4ljer att bli kopplad till v\u00e5r jourtelefon.<\/p>\n\n\n\n<p>Observera att om \u00e4rendet kan v\u00e4nta till n\u00e4stkommande arbetsdag, skicka e-post eller ring oss under v\u00e5ra ordinarie telefontider.<\/p>\n\n\n\n<p><br><\/p>\n","protected":false},"excerpt":{"rendered":"<p>V\u00e4lkommen att h\u00f6ra av dig till oss med din f\u00f6rfr\u00e5gan oavsett om det g\u00e4ller bostad, kontor eller lokaler. Det enklaste s\u00e4ttet \u00e4r via e-post till info@wirfast.se s\u00e5 \u00e5terkommer vi s\u00e5 snart vi kan. Ni kan \u00e4ven n\u00e5 oss p\u00e5 telefon 0550-775100 under v\u00e5ra telefontider, vardagar kl.08-12. Akuta problem \u00c4r du hyresg\u00e4st hos oss och har &hellip; <\/p>\n<p class=\"link-more\"><a href=\"https:\/\/wirfast.se\/?page_id=13\" class=\"more-link\">L\u00e4s mer<span class=\"screen-reader-text\"> \u201dKontakta oss\u201d<\/span><\/a><\/p>\n","protected":false},"author":1,"featured_media":44,"parent":0,"menu_order":0,"comment_status":"closed","ping_status":"closed","template":"","meta":{"footnotes":""},"class_list":["post-13","page","type-page","status-publish","has-post-thumbnail","hentry"],"yoast_head":"<!-- This site is optimized with the Yoast SEO plugin v27.4 - https:\/\/yoast.com\/product\/yoast-seo-wordpress\/ -->\n<title>Kontakta oss - Wir\u00e9ns Fastigheter<\/title>\n<meta name=\"robots\" content=\"index, follow, max-snippet:-1, max-image-preview:large, max-video-preview:-1\" \/>\n<link rel=\"canonical\" href=\"https:\/\/wirfast.se\/?page_id=13\" \/>\n<meta property=\"og:locale\" content=\"sv_SE\" \/>\n<meta property=\"og:type\" content=\"article\" \/>\n<meta property=\"og:title\" content=\"Kontakta oss - Wir\u00e9ns Fastigheter\" \/>\n<meta property=\"og:description\" content=\"V\u00e4lkommen att h\u00f6ra av dig till oss med din f\u00f6rfr\u00e5gan oavsett om det g\u00e4ller bostad, kontor eller lokaler. Det enklaste s\u00e4ttet \u00e4r via e-post till info@wirfast.se s\u00e5 \u00e5terkommer vi s\u00e5 snart vi kan. Ni kan \u00e4ven n\u00e5 oss p\u00e5 telefon 0550-775100 under v\u00e5ra telefontider, vardagar kl.08-12. Akuta problem \u00c4r du hyresg\u00e4st hos oss och har &hellip; L\u00e4s mer \u201dKontakta oss\u201d\" \/>\n<meta property=\"og:url\" content=\"https:\/\/wirfast.se\/?page_id=13\" \/>\n<meta property=\"og:site_name\" content=\"Wir\u00e9ns Fastigheter\" \/>\n<meta property=\"article:publisher\" content=\"https:\/\/www.facebook.com\/wirfast\" \/>\n<meta property=\"article:modified_time\" content=\"2025-02-14T08:21:57+00:00\" \/>\n<meta property=\"og:image\" content=\"https:\/\/wirfast.se\/wp-content\/uploads\/2023\/02\/Kungsgardsvagen-14.jpg\" \/>\n\t<meta property=\"og:image:width\" content=\"1600\" \/>\n\t<meta property=\"og:image:height\" content=\"1071\" \/>\n\t<meta property=\"og:image:type\" content=\"image\/jpeg\" \/>\n<meta name=\"twitter:card\" content=\"summary_large_image\" \/>\n<meta name=\"twitter:label1\" content=\"Ber\u00e4knad l\u00e4stid\" \/>\n\t<meta name=\"twitter:data1\" content=\"1 minut\" \/>\n<script type=\"application\/ld+json\" class=\"yoast-schema-graph\">{\"@context\":\"https:\\\/\\\/schema.org\",\"@graph\":[{\"@type\":\"WebPage\",\"@id\":\"https:\\\/\\\/wirfast.se\\\/?page_id=13\",\"url\":\"https:\\\/\\\/wirfast.se\\\/?page_id=13\",\"name\":\"Kontakta oss - Wir\u00e9ns Fastigheter\",\"isPartOf\":{\"@id\":\"https:\\\/\\\/wirfast.se\\\/#website\"},\"primaryImageOfPage\":{\"@id\":\"https:\\\/\\\/wirfast.se\\\/?page_id=13#primaryimage\"},\"image\":{\"@id\":\"https:\\\/\\\/wirfast.se\\\/?page_id=13#primaryimage\"},\"thumbnailUrl\":\"https:\\\/\\\/wirfast.se\\\/wp-content\\\/uploads\\\/2023\\\/02\\\/Kungsgardsvagen-14.jpg\",\"datePublished\":\"2023-02-20T21:14:51+00:00\",\"dateModified\":\"2025-02-14T08:21:57+00:00\",\"breadcrumb\":{\"@id\":\"https:\\\/\\\/wirfast.se\\\/?page_id=13#breadcrumb\"},\"inLanguage\":\"sv-SE\",\"potentialAction\":[{\"@type\":\"ReadAction\",\"target\":[\"https:\\\/\\\/wirfast.se\\\/?page_id=13\"]}]},{\"@type\":\"ImageObject\",\"inLanguage\":\"sv-SE\",\"@id\":\"https:\\\/\\\/wirfast.se\\\/?page_id=13#primaryimage\",\"url\":\"https:\\\/\\\/wirfast.se\\\/wp-content\\\/uploads\\\/2023\\\/02\\\/Kungsgardsvagen-14.jpg\",\"contentUrl\":\"https:\\\/\\\/wirfast.se\\\/wp-content\\\/uploads\\\/2023\\\/02\\\/Kungsgardsvagen-14.jpg\",\"width\":1600,\"height\":1071},{\"@type\":\"BreadcrumbList\",\"@id\":\"https:\\\/\\\/wirfast.se\\\/?page_id=13#breadcrumb\",\"itemListElement\":[{\"@type\":\"ListItem\",\"position\":1,\"name\":\"Hem\",\"item\":\"https:\\\/\\\/wirfast.se\\\/\"},{\"@type\":\"ListItem\",\"position\":2,\"name\":\"Kontakta oss\"}]},{\"@type\":\"WebSite\",\"@id\":\"https:\\\/\\\/wirfast.se\\\/#website\",\"url\":\"https:\\\/\\\/wirfast.se\\\/\",\"name\":\"Wir\u00e9ns Fastigheter\",\"description\":\"Lokaler och bost\u00e4der med kvalitet\",\"publisher\":{\"@id\":\"https:\\\/\\\/wirfast.se\\\/#organization\"},\"potentialAction\":[{\"@type\":\"SearchAction\",\"target\":{\"@type\":\"EntryPoint\",\"urlTemplate\":\"https:\\\/\\\/wirfast.se\\\/?s={search_term_string}\"},\"query-input\":{\"@type\":\"PropertyValueSpecification\",\"valueRequired\":true,\"valueName\":\"search_term_string\"}}],\"inLanguage\":\"sv-SE\"},{\"@type\":\"Organization\",\"@id\":\"https:\\\/\\\/wirfast.se\\\/#organization\",\"name\":\"Wir\u00e9ns Fastigheter\",\"url\":\"https:\\\/\\\/wirfast.se\\\/\",\"logo\":{\"@type\":\"ImageObject\",\"inLanguage\":\"sv-SE\",\"@id\":\"https:\\\/\\\/wirfast.se\\\/#\\\/schema\\\/logo\\\/image\\\/\",\"url\":\"https:\\\/\\\/wirfast.se\\\/wp-content\\\/uploads\\\/2023\\\/02\\\/wirens_fastigheter_758x164.png\",\"contentUrl\":\"https:\\\/\\\/wirfast.se\\\/wp-content\\\/uploads\\\/2023\\\/02\\\/wirens_fastigheter_758x164.png\",\"width\":758,\"height\":164,\"caption\":\"Wir\u00e9ns Fastigheter\"},\"image\":{\"@id\":\"https:\\\/\\\/wirfast.se\\\/#\\\/schema\\\/logo\\\/image\\\/\"},\"sameAs\":[\"https:\\\/\\\/www.facebook.com\\\/wirfast\"]}]}<\/script>\n<!-- \/ Yoast SEO plugin. -->","yoast_head_json":{"title":"Kontakta oss - Wir\u00e9ns Fastigheter","robots":{"index":"index","follow":"follow","max-snippet":"max-snippet:-1","max-image-preview":"max-image-preview:large","max-video-preview":"max-video-preview:-1"},"canonical":"https:\/\/wirfast.se\/?page_id=13","og_locale":"sv_SE","og_type":"article","og_title":"Kontakta oss - Wir\u00e9ns Fastigheter","og_description":"V\u00e4lkommen att h\u00f6ra av dig till oss med din f\u00f6rfr\u00e5gan oavsett om det g\u00e4ller bostad, kontor eller lokaler. Det enklaste s\u00e4ttet \u00e4r via e-post till info@wirfast.se s\u00e5 \u00e5terkommer vi s\u00e5 snart vi kan. Ni kan \u00e4ven n\u00e5 oss p\u00e5 telefon 0550-775100 under v\u00e5ra telefontider, vardagar kl.08-12. Akuta problem \u00c4r du hyresg\u00e4st hos oss och har &hellip; L\u00e4s mer \u201dKontakta oss\u201d","og_url":"https:\/\/wirfast.se\/?page_id=13","og_site_name":"Wir\u00e9ns Fastigheter","article_publisher":"https:\/\/www.facebook.com\/wirfast","article_modified_time":"2025-02-14T08:21:57+00:00","og_image":[{"width":1600,"height":1071,"url":"https:\/\/wirfast.se\/wp-content\/uploads\/2023\/02\/Kungsgardsvagen-14.jpg","type":"image\/jpeg"}],"twitter_card":"summary_large_image","twitter_misc":{"Ber\u00e4knad l\u00e4stid":"1 minut"},"schema":{"@context":"https:\/\/schema.org","@graph":[{"@type":"WebPage","@id":"https:\/\/wirfast.se\/?page_id=13","url":"https:\/\/wirfast.se\/?page_id=13","name":"Kontakta oss - Wir\u00e9ns Fastigheter","isPartOf":{"@id":"https:\/\/wirfast.se\/#website"},"primaryImageOfPage":{"@id":"https:\/\/wirfast.se\/?page_id=13#primaryimage"},"image":{"@id":"https:\/\/wirfast.se\/?page_id=13#primaryimage"},"thumbnailUrl":"https:\/\/wirfast.se\/wp-content\/uploads\/2023\/02\/Kungsgardsvagen-14.jpg","datePublished":"2023-02-20T21:14:51+00:00","dateModified":"2025-02-14T08:21:57+00:00","breadcrumb":{"@id":"https:\/\/wirfast.se\/?page_id=13#breadcrumb"},"inLanguage":"sv-SE","potentialAction":[{"@type":"ReadAction","target":["https:\/\/wirfast.se\/?page_id=13"]}]},{"@type":"ImageObject","inLanguage":"sv-SE","@id":"https:\/\/wirfast.se\/?page_id=13#primaryimage","url":"https:\/\/wirfast.se\/wp-content\/uploads\/2023\/02\/Kungsgardsvagen-14.jpg","contentUrl":"https:\/\/wirfast.se\/wp-content\/uploads\/2023\/02\/Kungsgardsvagen-14.jpg","width":1600,"height":1071},{"@type":"BreadcrumbList","@id":"https:\/\/wirfast.se\/?page_id=13#breadcrumb","itemListElement":[{"@type":"ListItem","position":1,"name":"Hem","item":"https:\/\/wirfast.se\/"},{"@type":"ListItem","position":2,"name":"Kontakta oss"}]},{"@type":"WebSite","@id":"https:\/\/wirfast.se\/#website","url":"https:\/\/wirfast.se\/","name":"Wir\u00e9ns Fastigheter","description":"Lokaler och bost\u00e4der med kvalitet","publisher":{"@id":"https:\/\/wirfast.se\/#organization"},"potentialAction":[{"@type":"SearchAction","target":{"@type":"EntryPoint","urlTemplate":"https:\/\/wirfast.se\/?s={search_term_string}"},"query-input":{"@type":"PropertyValueSpecification","valueRequired":true,"valueName":"search_term_string"}}],"inLanguage":"sv-SE"},{"@type":"Organization","@id":"https:\/\/wirfast.se\/#organization","name":"Wir\u00e9ns Fastigheter","url":"https:\/\/wirfast.se\/","logo":{"@type":"ImageObject","inLanguage":"sv-SE","@id":"https:\/\/wirfast.se\/#\/schema\/logo\/image\/","url":"https:\/\/wirfast.se\/wp-content\/uploads\/2023\/02\/wirens_fastigheter_758x164.png","contentUrl":"https:\/\/wirfast.se\/wp-content\/uploads\/2023\/02\/wirens_fastigheter_758x164.png","width":758,"height":164,"caption":"Wir\u00e9ns Fastigheter"},"image":{"@id":"https:\/\/wirfast.se\/#\/schema\/logo\/image\/"},"sameAs":["https:\/\/www.facebook.com\/wirfast"]}]}},"_links":{"self":[{"href":"https:\/\/wirfast.se\/index.php?rest_route=\/wp\/v2\/pages\/13","targetHints":{"allow":["GET"]}}],"collection":[{"href":"https:\/\/wirfast.se\/index.php?rest_route=\/wp\/v2\/pages"}],"about":[{"href":"https:\/\/wirfast.se\/index.php?rest_route=\/wp\/v2\/types\/page"}],"author":[{"embeddable":true,"href":"https:\/\/wirfast.se\/index.php?rest_route=\/wp\/v2\/users\/1"}],"replies":[{"embeddable":true,"href":"https:\/\/wirfast.se\/index.php?rest_route=%2Fwp%2Fv2%2Fcomments&post=13"}],"version-history":[{"count":8,"href":"https:\/\/wirfast.se\/index.php?rest_route=\/wp\/v2\/pages\/13\/revisions"}],"predecessor-version":[{"id":85,"href":"https:\/\/wirfast.se\/index.php?rest_route=\/wp\/v2\/pages\/13\/revisions\/85"}],"wp:featuredmedia":[{"embeddable":true,"href":"https:\/\/wirfast.se\/index.php?rest_route=\/wp\/v2\/media\/44"}],"wp:attachment":[{"href":"https:\/\/wirfast.se\/index.php?rest_route=%2Fwp%2Fv2%2Fmedia&parent=13"}],"curies":[{"name":"wp","href":"https:\/\/api.w.org\/{rel}","templated":true}]}}