{"id":11,"date":"2023-02-20T22:14:51","date_gmt":"2023-02-20T21:14:51","guid":{"rendered":"https:\/\/wirfast.se\/?page_id=11"},"modified":"2023-02-21T01:14:37","modified_gmt":"2023-02-21T00:14:37","slug":"hem","status":"publish","type":"page","link":"https:\/\/wirfast.se\/","title":{"rendered":"V\u00e4lkommen till Wir\u00e9ns Fastigheter"},"content":{"rendered":"\n<p>V\u00e5r aff\u00e4rsid\u00e9 \u00e4r att f\u00f6rvalta och utveckla egna fastigheter. Vi har ett femtiotal bostadsl\u00e4genheter i v\u00e5rt best\u00e5nd, de flesta p\u00e5 den norra delen av Kungsgatan i Kristinehamn d\u00e4r det \u00e4ven finns aff\u00e4rslokaler i gatuplan.<\/p>\n\n\n\n<p>Vi har \u00e4ven ett flertal industrifastigheter f\u00f6rdelade p\u00e5 verkstadslokaler, kontor och lager<\/p>\n\n\n\n<p>V\u00e5r ambition som fastighetsbolag \u00e4r att erbjuda v\u00e5ra hyresg\u00e4ster attraktiva och v\u00e4l underh\u00e5llna bost\u00e4der och lokaler.&nbsp;Vi arbetar med fokus p\u00e5 kvalitet och personlig service.<\/p>\n\n\n\n<p>V\u00e4lkommen att h\u00f6ra av dig med din intresseanm\u00e4lan till oss!<\/p>\n\n\n\n<p><br \/><\/p>\n","protected":false},"excerpt":{"rendered":"<p>V\u00e5r aff\u00e4rsid\u00e9 \u00e4r att f\u00f6rvalta och utveckla egna fastigheter. Vi har ett femtiotal bostadsl\u00e4genheter i v\u00e5rt best\u00e5nd, de flesta p\u00e5 den norra delen av Kungsgatan i Kristinehamn d\u00e4r det \u00e4ven finns aff\u00e4rslokaler i gatuplan. Vi har \u00e4ven ett flertal industrifastigheter f\u00f6rdelade p\u00e5 verkstadslokaler, kontor och lager V\u00e5r ambition som fastighetsbolag \u00e4r att erbjuda v\u00e5ra hyresg\u00e4ster &hellip; <\/p>\n<p class=\"link-more\"><a href=\"https:\/\/wirfast.se\/\" class=\"more-link\">L\u00e4s mer<span class=\"screen-reader-text\"> \u201dV\u00e4lkommen till Wir\u00e9ns Fastigheter\u201d<\/span><\/a><\/p>\n","protected":false},"author":1,"featured_media":0,"parent":0,"menu_order":0,"comment_status":"closed","ping_status":"closed","template":"","meta":{"footnotes":""},"class_list":["post-11","page","type-page","status-publish","hentry"],"yoast_head":"<!-- This site is optimized with the Yoast SEO plugin v27.4 - https:\/\/yoast.com\/product\/yoast-seo-wordpress\/ -->\n<title>V\u00e4lkommen till Wir\u00e9ns Fastigheter - Wir\u00e9ns Fastigheter<\/title>\n<meta name=\"robots\" content=\"index, follow, max-snippet:-1, max-image-preview:large, max-video-preview:-1\" \/>\n<link rel=\"canonical\" href=\"https:\/\/wirfast.se\/\" \/>\n<meta property=\"og:locale\" content=\"sv_SE\" \/>\n<meta property=\"og:type\" content=\"article\" \/>\n<meta property=\"og:title\" content=\"V\u00e4lkommen till Wir\u00e9ns Fastigheter - Wir\u00e9ns Fastigheter\" \/>\n<meta property=\"og:description\" content=\"V\u00e5r aff\u00e4rsid\u00e9 \u00e4r att f\u00f6rvalta och utveckla egna fastigheter. Vi har ett femtiotal bostadsl\u00e4genheter i v\u00e5rt best\u00e5nd, de flesta p\u00e5 den norra delen av Kungsgatan i Kristinehamn d\u00e4r det \u00e4ven finns aff\u00e4rslokaler i gatuplan. Vi har \u00e4ven ett flertal industrifastigheter f\u00f6rdelade p\u00e5 verkstadslokaler, kontor och lager V\u00e5r ambition som fastighetsbolag \u00e4r att erbjuda v\u00e5ra hyresg\u00e4ster &hellip; L\u00e4s mer \u201dV\u00e4lkommen till Wir\u00e9ns Fastigheter\u201d\" \/>\n<meta property=\"og:url\" content=\"https:\/\/wirfast.se\/\" \/>\n<meta property=\"og:site_name\" content=\"Wir\u00e9ns Fastigheter\" \/>\n<meta property=\"article:publisher\" content=\"https:\/\/www.facebook.com\/wirfast\" \/>\n<meta property=\"article:modified_time\" content=\"2023-02-21T00:14:37+00:00\" \/>\n<meta name=\"twitter:card\" content=\"summary_large_image\" \/>\n<meta name=\"twitter:label1\" content=\"Ber\u00e4knad l\u00e4stid\" \/>\n\t<meta name=\"twitter:data1\" content=\"1 minut\" \/>\n<script type=\"application\/ld+json\" class=\"yoast-schema-graph\">{\"@context\":\"https:\\\/\\\/schema.org\",\"@graph\":[{\"@type\":\"WebPage\",\"@id\":\"https:\\\/\\\/wirfast.se\\\/\",\"url\":\"https:\\\/\\\/wirfast.se\\\/\",\"name\":\"V\u00e4lkommen till Wir\u00e9ns Fastigheter - Wir\u00e9ns Fastigheter\",\"isPartOf\":{\"@id\":\"https:\\\/\\\/wirfast.se\\\/#website\"},\"datePublished\":\"2023-02-20T21:14:51+00:00\",\"dateModified\":\"2023-02-21T00:14:37+00:00\",\"breadcrumb\":{\"@id\":\"https:\\\/\\\/wirfast.se\\\/#breadcrumb\"},\"inLanguage\":\"sv-SE\",\"potentialAction\":[{\"@type\":\"ReadAction\",\"target\":[\"https:\\\/\\\/wirfast.se\\\/\"]}]},{\"@type\":\"BreadcrumbList\",\"@id\":\"https:\\\/\\\/wirfast.se\\\/#breadcrumb\",\"itemListElement\":[{\"@type\":\"ListItem\",\"position\":1,\"name\":\"Hem\",\"item\":\"https:\\\/\\\/wirfast.se\\\/\"},{\"@type\":\"ListItem\",\"position\":2,\"name\":\"V\u00e4lkommen till Wir\u00e9ns Fastigheter\"}]},{\"@type\":\"WebSite\",\"@id\":\"https:\\\/\\\/wirfast.se\\\/#website\",\"url\":\"https:\\\/\\\/wirfast.se\\\/\",\"name\":\"Wir\u00e9ns Fastigheter\",\"description\":\"Lokaler och bost\u00e4der med kvalitet\",\"publisher\":{\"@id\":\"https:\\\/\\\/wirfast.se\\\/#organization\"},\"potentialAction\":[{\"@type\":\"SearchAction\",\"target\":{\"@type\":\"EntryPoint\",\"urlTemplate\":\"https:\\\/\\\/wirfast.se\\\/?s={search_term_string}\"},\"query-input\":{\"@type\":\"PropertyValueSpecification\",\"valueRequired\":true,\"valueName\":\"search_term_string\"}}],\"inLanguage\":\"sv-SE\"},{\"@type\":\"Organization\",\"@id\":\"https:\\\/\\\/wirfast.se\\\/#organization\",\"name\":\"Wir\u00e9ns Fastigheter\",\"url\":\"https:\\\/\\\/wirfast.se\\\/\",\"logo\":{\"@type\":\"ImageObject\",\"inLanguage\":\"sv-SE\",\"@id\":\"https:\\\/\\\/wirfast.se\\\/#\\\/schema\\\/logo\\\/image\\\/\",\"url\":\"https:\\\/\\\/wirfast.se\\\/wp-content\\\/uploads\\\/2023\\\/02\\\/wirens_fastigheter_758x164.png\",\"contentUrl\":\"https:\\\/\\\/wirfast.se\\\/wp-content\\\/uploads\\\/2023\\\/02\\\/wirens_fastigheter_758x164.png\",\"width\":758,\"height\":164,\"caption\":\"Wir\u00e9ns Fastigheter\"},\"image\":{\"@id\":\"https:\\\/\\\/wirfast.se\\\/#\\\/schema\\\/logo\\\/image\\\/\"},\"sameAs\":[\"https:\\\/\\\/www.facebook.com\\\/wirfast\"]}]}<\/script>\n<!-- \/ Yoast SEO plugin. -->","yoast_head_json":{"title":"V\u00e4lkommen till Wir\u00e9ns Fastigheter - Wir\u00e9ns Fastigheter","robots":{"index":"index","follow":"follow","max-snippet":"max-snippet:-1","max-image-preview":"max-image-preview:large","max-video-preview":"max-video-preview:-1"},"canonical":"https:\/\/wirfast.se\/","og_locale":"sv_SE","og_type":"article","og_title":"V\u00e4lkommen till Wir\u00e9ns Fastigheter - Wir\u00e9ns Fastigheter","og_description":"V\u00e5r aff\u00e4rsid\u00e9 \u00e4r att f\u00f6rvalta och utveckla egna fastigheter. Vi har ett femtiotal bostadsl\u00e4genheter i v\u00e5rt best\u00e5nd, de flesta p\u00e5 den norra delen av Kungsgatan i Kristinehamn d\u00e4r det \u00e4ven finns aff\u00e4rslokaler i gatuplan. Vi har \u00e4ven ett flertal industrifastigheter f\u00f6rdelade p\u00e5 verkstadslokaler, kontor och lager V\u00e5r ambition som fastighetsbolag \u00e4r att erbjuda v\u00e5ra hyresg\u00e4ster &hellip; L\u00e4s mer \u201dV\u00e4lkommen till Wir\u00e9ns Fastigheter\u201d","og_url":"https:\/\/wirfast.se\/","og_site_name":"Wir\u00e9ns Fastigheter","article_publisher":"https:\/\/www.facebook.com\/wirfast","article_modified_time":"2023-02-21T00:14:37+00:00","twitter_card":"summary_large_image","twitter_misc":{"Ber\u00e4knad l\u00e4stid":"1 minut"},"schema":{"@context":"https:\/\/schema.org","@graph":[{"@type":"WebPage","@id":"https:\/\/wirfast.se\/","url":"https:\/\/wirfast.se\/","name":"V\u00e4lkommen till Wir\u00e9ns Fastigheter - Wir\u00e9ns Fastigheter","isPartOf":{"@id":"https:\/\/wirfast.se\/#website"},"datePublished":"2023-02-20T21:14:51+00:00","dateModified":"2023-02-21T00:14:37+00:00","breadcrumb":{"@id":"https:\/\/wirfast.se\/#breadcrumb"},"inLanguage":"sv-SE","potentialAction":[{"@type":"ReadAction","target":["https:\/\/wirfast.se\/"]}]},{"@type":"BreadcrumbList","@id":"https:\/\/wirfast.se\/#breadcrumb","itemListElement":[{"@type":"ListItem","position":1,"name":"Hem","item":"https:\/\/wirfast.se\/"},{"@type":"ListItem","position":2,"name":"V\u00e4lkommen till Wir\u00e9ns Fastigheter"}]},{"@type":"WebSite","@id":"https:\/\/wirfast.se\/#website","url":"https:\/\/wirfast.se\/","name":"Wir\u00e9ns Fastigheter","description":"Lokaler och bost\u00e4der med kvalitet","publisher":{"@id":"https:\/\/wirfast.se\/#organization"},"potentialAction":[{"@type":"SearchAction","target":{"@type":"EntryPoint","urlTemplate":"https:\/\/wirfast.se\/?s={search_term_string}"},"query-input":{"@type":"PropertyValueSpecification","valueRequired":true,"valueName":"search_term_string"}}],"inLanguage":"sv-SE"},{"@type":"Organization","@id":"https:\/\/wirfast.se\/#organization","name":"Wir\u00e9ns Fastigheter","url":"https:\/\/wirfast.se\/","logo":{"@type":"ImageObject","inLanguage":"sv-SE","@id":"https:\/\/wirfast.se\/#\/schema\/logo\/image\/","url":"https:\/\/wirfast.se\/wp-content\/uploads\/2023\/02\/wirens_fastigheter_758x164.png","contentUrl":"https:\/\/wirfast.se\/wp-content\/uploads\/2023\/02\/wirens_fastigheter_758x164.png","width":758,"height":164,"caption":"Wir\u00e9ns Fastigheter"},"image":{"@id":"https:\/\/wirfast.se\/#\/schema\/logo\/image\/"},"sameAs":["https:\/\/www.facebook.com\/wirfast"]}]}},"_links":{"self":[{"href":"https:\/\/wirfast.se\/index.php?rest_route=\/wp\/v2\/pages\/11","targetHints":{"allow":["GET"]}}],"collection":[{"href":"https:\/\/wirfast.se\/index.php?rest_route=\/wp\/v2\/pages"}],"about":[{"href":"https:\/\/wirfast.se\/index.php?rest_route=\/wp\/v2\/types\/page"}],"author":[{"embeddable":true,"href":"https:\/\/wirfast.se\/index.php?rest_route=\/wp\/v2\/users\/1"}],"replies":[{"embeddable":true,"href":"https:\/\/wirfast.se\/index.php?rest_route=%2Fwp%2Fv2%2Fcomments&post=11"}],"version-history":[{"count":6,"href":"https:\/\/wirfast.se\/index.php?rest_route=\/wp\/v2\/pages\/11\/revisions"}],"predecessor-version":[{"id":79,"href":"https:\/\/wirfast.se\/index.php?rest_route=\/wp\/v2\/pages\/11\/revisions\/79"}],"wp:attachment":[{"href":"https:\/\/wirfast.se\/index.php?rest_route=%2Fwp%2Fv2%2Fmedia&parent=11"}],"curies":[{"name":"wp","href":"https:\/\/api.w.org\/{rel}","templated":true}]}}